{"id":53750,"date":"2015-03-09T14:40:36","date_gmt":"2015-03-09T14:40:36","guid":{"rendered":"https:\/\/www.blonde-bavaria.com\/about-vera-hutterer\/"},"modified":"2025-10-10T12:07:15","modified_gmt":"2025-10-10T12:07:15","slug":"about-vera-koenig-la-blonde-blog","status":"publish","type":"page","link":"https:\/\/www.la-blonde-blog.com\/en\/about-vera-koenig-la-blonde-blog\/","title":{"rendered":"About"},"content":{"rendered":"<p>[vc_row row_type=&#8221;row&#8221; use_row_as_full_screen_section=&#8221;no&#8221; type=&#8221;full_width&#8221; text_align=&#8221;left&#8221; video=&#8221;&#8221; padding_top=&#8221;15&#8243; css_animation=&#8221;&#8221; box_shadow_on_row=&#8221;no&#8221; oblique_section=&#8221;no&#8221; oblique_section_top_and_bottom=&#8221;both&#8221; oblique_section_position=&#8221;from_left_to_right&#8221; triangle_shape=&#8221;no&#8221; triangle_shape_position=&#8221;both&#8221;][vc_column][vc_empty_space height=&#8221;42px&#8221; image_repeat=&#8221;no-repeat&#8221;][vc_column_text]<\/p>\n<h2 style=\"text-align: center;\">Vera K\u00f6nig<\/h2>\n<p>[\/vc_column_text][\/vc_column][\/vc_row][vc_row row_type=&#8221;row&#8221; use_row_as_full_screen_section=&#8221;no&#8221; type=&#8221;grid&#8221; text_align=&#8221;left&#8221; video=&#8221;&#8221; padding_top=&#8221;40&#8243; padding_bottom=&#8221;70&#8243; css_animation=&#8221;&#8221; box_shadow_on_row=&#8221;no&#8221; oblique_section=&#8221;no&#8221; oblique_section_top_and_bottom=&#8221;both&#8221; oblique_section_position=&#8221;from_left_to_right&#8221; triangle_shape=&#8221;no&#8221; triangle_shape_position=&#8221;both&#8221;][vc_column width=&#8221;1\/2&#8243;][vc_single_image image=&#8221;58721&#8243; img_size=&#8221;full&#8221; alignment=&#8221;center&#8221; eltd_css_animation=&#8221;&#8221;][vc_separator type=&#8221;transparent&#8221; up=&#8221;25&#8243; down=&#8221;0&#8243;][\/vc_column][vc_column width=&#8221;1\/2&#8243;][vc_column_text]La Blonde Blog was founded in the fall of 2016 by Vera K\u00f6nig in Munich. At that time, after nearly twenty years in the advertising industry, she decided to follow her inner compass and give more space to the beautiful things in life that are often neglected in everyday life.<\/p>\n<p>&nbsp;<\/p>\n<p>Vera K\u00f6nig a content creator from Munich, began her career in concept and graphic design after studying at a private college. In 2010, she established her own design agency in Munich and over the years expanded her expertise to include art direction, CGI, and animation. She has worked on exciting projects for her own clients as well as for well-known companies in the premium segment. Since 2016, she has fully dedicated herself to content creation for brands and businesses.<\/p>\n<p>&nbsp;<\/p>\n<p>La Blonde is the dynamic summary and diary of Vera\u2019s numerous travels, culinary experiences, beautiful places, and her fascination with fashion. The blog offers ultimate insider tips from a woman who loves life, enjoyment, and travel. All hotels and restaurants are personally tested, the dishes and recipes have been tried multiple times and refined to perfection, and all outfits are personally worn. \ud83d\udc9b[\/vc_column_text][vc_separator type=&#8221;transparent&#8221; up=&#8221;25&#8243; down=&#8221;0&#8243;][\/vc_column][\/vc_row]<\/p>\n","protected":false},"excerpt":{"rendered":"<p>[vc_row row_type=&#8221;row&#8221; use_row_as_full_screen_section=&#8221;no&#8221; type=&#8221;full_width&#8221; text_align=&#8221;left&#8221; video=&#8221;&#8221; padding_top=&#8221;15&#8243; css_animation=&#8221;&#8221; box_shadow_on_row=&#8221;no&#8221; oblique_section=&#8221;no&#8221; oblique_section_top_and_bottom=&#8221;both&#8221; oblique_section_position=&#8221;from_left_to_right&#8221; triangle_shape=&#8221;no&#8221; triangle_shape_position=&#8221;both&#8221;][vc_column][vc_empty_space height=&#8221;42px&#8221; image_repeat=&#8221;no-repeat&#8221;][vc_column_text] Vera K\u00f6nig [\/vc_column_text][\/vc_column][\/vc_row][vc_row row_type=&#8221;row&#8221; use_row_as_full_screen_section=&#8221;no&#8221; type=&#8221;grid&#8221; text_align=&#8221;left&#8221; video=&#8221;&#8221; padding_top=&#8221;40&#8243; padding_bottom=&#8221;70&#8243; css_animation=&#8221;&#8221; box_shadow_on_row=&#8221;no&#8221; oblique_section=&#8221;no&#8221; oblique_section_top_and_bottom=&#8221;both&#8221; oblique_section_position=&#8221;from_left_to_right&#8221; triangle_shape=&#8221;no&#8221; triangle_shape_position=&#8221;both&#8221;][vc_column width=&#8221;1\/2&#8243;][vc_single_image image=&#8221;58721&#8243; img_size=&#8221;full&#8221; alignment=&#8221;center&#8221; eltd_css_animation=&#8221;&#8221;][vc_separator type=&#8221;transparent&#8221; up=&#8221;25&#8243; down=&#8221;0&#8243;][\/vc_column][vc_column width=&#8221;1\/2&#8243;][vc_column_text]La Blonde Blog was&#8230;<\/p>\n","protected":false},"author":1,"featured_media":0,"parent":0,"menu_order":0,"comment_status":"closed","ping_status":"closed","template":"full_width.php","meta":{"footnotes":""},"class_list":["post-53750","page","type-page","status-publish","hentry"],"yoast_head":"<!-- This site is optimized with the Yoast SEO plugin v24.5 - https:\/\/yoast.com\/wordpress\/plugins\/seo\/ -->\n<title>About - La Blonde<\/title>\n<meta name=\"description\" content=\"Vera Hutterer ist Content Creator f\u00fcr Marken und Brands mit langj\u00e4hriger Erfahrung in Kreation, Fotografie und Art Direction aus M\u00fcnchen.\" \/>\n<meta name=\"robots\" content=\"index, follow, max-snippet:-1, max-image-preview:large, max-video-preview:-1\" \/>\n<link rel=\"canonical\" href=\"https:\/\/www.la-blonde-blog.com\/en\/about-vera-koenig-la-blonde-blog\/\" \/>\n<meta property=\"og:locale\" content=\"en_US\" \/>\n<meta property=\"og:type\" content=\"article\" \/>\n<meta property=\"og:title\" content=\"About - La Blonde\" \/>\n<meta property=\"og:description\" content=\"Vera Hutterer ist Content Creator f\u00fcr Marken und Brands mit langj\u00e4hriger Erfahrung in Kreation, Fotografie und Art Direction aus M\u00fcnchen.\" \/>\n<meta property=\"og:url\" content=\"https:\/\/www.la-blonde-blog.com\/en\/about-vera-koenig-la-blonde-blog\/\" \/>\n<meta property=\"og:site_name\" content=\"La Blonde\" \/>\n<meta property=\"article:modified_time\" content=\"2025-10-10T12:07:15+00:00\" \/>\n<meta name=\"twitter:card\" content=\"summary_large_image\" \/>\n<meta name=\"twitter:label1\" content=\"Est. reading time\" \/>\n\t<meta name=\"twitter:data1\" content=\"2 minutes\" \/>\n<!-- \/ Yoast SEO plugin. -->","yoast_head_json":{"title":"About - La Blonde","description":"Vera Hutterer ist Content Creator f\u00fcr Marken und Brands mit langj\u00e4hriger Erfahrung in Kreation, Fotografie und Art Direction aus M\u00fcnchen.","robots":{"index":"index","follow":"follow","max-snippet":"max-snippet:-1","max-image-preview":"max-image-preview:large","max-video-preview":"max-video-preview:-1"},"canonical":"https:\/\/www.la-blonde-blog.com\/en\/about-vera-koenig-la-blonde-blog\/","og_locale":"en_US","og_type":"article","og_title":"About - La Blonde","og_description":"Vera Hutterer ist Content Creator f\u00fcr Marken und Brands mit langj\u00e4hriger Erfahrung in Kreation, Fotografie und Art Direction aus M\u00fcnchen.","og_url":"https:\/\/www.la-blonde-blog.com\/en\/about-vera-koenig-la-blonde-blog\/","og_site_name":"La Blonde","article_modified_time":"2025-10-10T12:07:15+00:00","twitter_card":"summary_large_image","twitter_misc":{"Est. reading time":"2 minutes"},"schema":{"@context":"https:\/\/schema.org","@graph":[{"@type":"WebPage","@id":"https:\/\/www.la-blonde-blog.com\/en\/about-vera-koenig-la-blonde-blog\/","url":"https:\/\/www.la-blonde-blog.com\/en\/about-vera-koenig-la-blonde-blog\/","name":"About - La Blonde","isPartOf":{"@id":"https:\/\/www.la-blonde-blog.com\/en\/#website"},"datePublished":"2015-03-09T14:40:36+00:00","dateModified":"2025-10-10T12:07:15+00:00","description":"Vera Hutterer ist Content Creator f\u00fcr Marken und Brands mit langj\u00e4hriger Erfahrung in Kreation, Fotografie und Art Direction aus M\u00fcnchen.","breadcrumb":{"@id":"https:\/\/www.la-blonde-blog.com\/en\/about-vera-koenig-la-blonde-blog\/#breadcrumb"},"inLanguage":"en-US","potentialAction":[{"@type":"ReadAction","target":["https:\/\/www.la-blonde-blog.com\/en\/about-vera-koenig-la-blonde-blog\/"]}]},{"@type":"BreadcrumbList","@id":"https:\/\/www.la-blonde-blog.com\/en\/about-vera-koenig-la-blonde-blog\/#breadcrumb","itemListElement":[{"@type":"ListItem","position":1,"name":"Startseite","item":"https:\/\/www.la-blonde-blog.com\/en\/"},{"@type":"ListItem","position":2,"name":"About"}]},{"@type":"WebSite","@id":"https:\/\/www.la-blonde-blog.com\/en\/#website","url":"https:\/\/www.la-blonde-blog.com\/en\/","name":"La Blonde","description":"Travel, Fashion &amp; Lifestyle Blog von Vera K\u00f6nig aus M\u00fcnchen","potentialAction":[{"@type":"SearchAction","target":{"@type":"EntryPoint","urlTemplate":"https:\/\/www.la-blonde-blog.com\/en\/?s={search_term_string}"},"query-input":{"@type":"PropertyValueSpecification","valueRequired":true,"valueName":"search_term_string"}}],"inLanguage":"en-US"}]}},"_links":{"self":[{"href":"https:\/\/www.la-blonde-blog.com\/en\/wp-json\/wp\/v2\/pages\/53750","targetHints":{"allow":["GET"]}}],"collection":[{"href":"https:\/\/www.la-blonde-blog.com\/en\/wp-json\/wp\/v2\/pages"}],"about":[{"href":"https:\/\/www.la-blonde-blog.com\/en\/wp-json\/wp\/v2\/types\/page"}],"author":[{"embeddable":true,"href":"https:\/\/www.la-blonde-blog.com\/en\/wp-json\/wp\/v2\/users\/1"}],"replies":[{"embeddable":true,"href":"https:\/\/www.la-blonde-blog.com\/en\/wp-json\/wp\/v2\/comments?post=53750"}],"version-history":[{"count":9,"href":"https:\/\/www.la-blonde-blog.com\/en\/wp-json\/wp\/v2\/pages\/53750\/revisions"}],"predecessor-version":[{"id":58723,"href":"https:\/\/www.la-blonde-blog.com\/en\/wp-json\/wp\/v2\/pages\/53750\/revisions\/58723"}],"wp:attachment":[{"href":"https:\/\/www.la-blonde-blog.com\/en\/wp-json\/wp\/v2\/media?parent=53750"}],"curies":[{"name":"wp","href":"https:\/\/api.w.org\/{rel}","templated":true}]}}